{"id":11,"date":"2023-09-19T10:13:29","date_gmt":"2023-09-19T10:13:29","guid":{"rendered":"https:\/\/fensterhentschel.de\/?page_id=11"},"modified":"2023-09-19T13:13:16","modified_gmt":"2023-09-19T13:13:16","slug":"impressum-datenschutz","status":"publish","type":"page","link":"https:\/\/fensterhentschel.de\/index.php\/impressum-datenschutz\/","title":{"rendered":"Impressum\/Datenschutz"},"content":{"rendered":"\n<p>Gro\u00df- u. Einzelhandel<br>Bauelemente<\/p>\n\n\n\n<p>Nils Hentschel<\/p>\n\n\n\n<p>Steuernr. 208\/230\/04843<\/p>\n\n\n\n<p>Rathenaustr. 18a \u00b7 02763 Zittau<br>Telefon (0 35 83) 58 56 77<br>Telefax (0 35 83) 58 56 88<br>Mobil (0174) 9 54 05 37<br>info@fensterhentschel.de<\/p>\n\n\n\n<p><strong>DATENSCHUTZERKL\u00c4RUNG<\/strong><br>Herzlich Willkommen auf unserer Webseite!<br>Wir legen gr\u00f6\u00dften Wert auf den Schutz Ihrer Daten und die Wahrung Ihrer Privatsph\u00e4re. Nachstehend informieren wir Sie deshalb \u00fcber die Erhebung und Verwendung pers\u00f6nlicher Daten bei Nutzung unserer Webseite.<\/p>\n\n\n\n<p>Verantwortlicher: <\/p>\n\n\n\n<p>Gro\u00df- u. Einzelhandel<br>Bauelemente <\/p>\n\n\n\n<p>Nils Hentschel<\/p>\n\n\n\n<p>Rathenaustr. 18a \u00b7 02763 Zittau<\/p>\n\n\n\n<p>Soweit nachstehend keine anderen Angaben gemacht werden, ist die Bereitstellung Ihrer personenbezogenen Daten weder gesetzlich oder vertraglich vorgeschrieben, noch f\u00fcr einen Vertragsabschluss erforderlich. Sie sind zur Bereitstellung der Daten nicht verpflichtet. Eine Nichtbereitstellung hat keine Folgen. Dies gilt nur soweit bei<br>den nachfolgenden Verarbeitungsvorg\u00e4ngen keine anderweitige Angabe gemacht wird. ,,Personenbezogene Daten&#8220; sind alle Informationen, die sich auf eine identifizierte oder identifizierbare nat\u00fcrliche Person beziehen.<\/p>\n\n\n\n<p>Server-Logfiles<br>Sie k\u00f6nnen unsere Webseiten besuchen, ohne Angaben zu Ihrer Person zu machen. Es werden bei jedem Zugriff auf unsere Website Nutzungsdaten durch Ihren Internetbrowser \u00fcbermittelt und in Protokolldaten (Server-Logfiles) gespeichert. Zu diesen gespeicherten Daten geh\u00f6ren z.B. Name der aufgerufenen Seite, Datum und Uhrzeit des Abrufs, \u00fcbertragene Datenmenge und der anfragende Provider. Diese Daten dienen ausschlie\u00dflich der Gew\u00e4hrleistung eines st\u00f6rungsfreien Betriebs unserer Website und zur Verbesserung unseres Angebotes. Eine Zuordnung dieser Daten zu einer bestimmten Person ist nicht m\u00f6glich.<\/p>\n\n\n\n<p>Erhebung und Verarbeitung bei Nutzung des Kontaktformulars<\/p>\n\n\n\n<p>Bei der Nutzung des Kontaktformulars erheben wir Ihre personenbezogenen Daten (Name, E-Mail-Adresse, Nachrichtentext) nur in dem von Ihnen zur Verf\u00fcgung gestellten Umfang. Die Datenverarbeitung dient dem Zweck der Kontaktaufnahme. Mit Absenden Ihrer Nachricht willigen Sie in die Verarbeitung der \u00fcbermittelten Daten ein. Die Verarbeitung erfolgt auf Grundlage des Art. 6 (1) lit. a DSGVO mit Ihrer Einwilligung. Sie k\u00f6nnen Ihre Einwilligung jederzeit durch Mitteilung an uns widerrufen, ohne dass die Rechtm\u00e4\u00dfigkeit der aufgrund der Einwilligung bis zum Widerruf erfolgten Verarbeitung ber\u00fchrt wird. Ihre E-Mail-Adresse nutzen wir nur zur Bearbeitung Ihrer Anfrage. Es erfolgt keine Weitergabe dieser personenbezogenen Daten an Dritte, an Drittl\u00e4nder oder an internationale Organisationen.<\/p>\n\n\n\n<p id=\"block-53f00f8c-ac47-483b-8f3b-5c441e254faa\">Erhebung, Verarbeitung und Nutzung personenbezogener Daten bei Bestellungen<br>Bei der Bestellung erheben und verwenden wir Ihre personenbezogenen Daten nur, soweit dies zur Erf\u00fcllung und Abwicklung Ihrer Bestellung sowie zur Bearbeitung Ihrer Anfragen erforderlich ist. Die Bereitstellung der Daten ist<br>f\u00fcr den Vertragsschluss erforderlich. Eine Nichtbereitstellung hat zur Folge, dass kein Vertrag geschlossen werden kann. Die Verarbeitung erfolgt auf Grundlage des Art. 6 (1) lit. b DSGVO und ist f\u00fcr die Erf\u00fcllung eines<br>Vertrags mit Ihnen erforderlich. Eine Weitergabe Ihrer Daten an Dritte ohne Ihre ausdr\u00fcckliche Einwilligung erfolgt nicht. Ausgenommen hiervon sind lediglich unsere Dienstleistungspartner, die wir zur Abwicklung des Vertragsverh\u00e4ltnisses ben\u00f6tigen oder Dienstleister derer wir uns im Rahmen einer Auftragsverarbeitung bedienen. Neben den in den jeweiligen Klauseln dieser Datenschutzerkl\u00e4rung benannten Empf\u00e4ngern sind dies<br>beispielsweise Empf\u00e4nger folgender Kategorien: Versanddienstleister, Zahlungsdienstleister, Warenwirtschaftsdienstleister, Diensteanbieter f\u00fcr die Bestellabwicklung, Webhoster und IT-Dienstleister. In allen F\u00e4llen beachten wir strikt die gesetzlichen Vorgaben. Der Umfang der Daten\u00fcbermittlung beschr\u00e4nkt sich auf ein Mindestma\u00df. Eine \u00dcbermittlung personenbezogenen Daten in Drittl\u00e4nder oder internationale Organisationen erfolgt nicht.<\/p>\n\n\n\n<p id=\"block-c505e567-0ec6-497e-824d-cef9e213f8ea\">Dauer der Speicherung<br>Nach vollst\u00e4ndiger Vertragsabwicklung werden die Daten zun\u00e4chst f\u00fcr die Dauer der Gew\u00e4hrleistungsfrist, danach unter Ber\u00fccksichtigung gesetzlicher, insbesondere steuer- und handelsrechtlicher Aufbewahrungsfristen gespeichert und dann nach Fristablauf gel\u00f6scht, sofern Sie der weitergehenden Verarbeitung und Nutzung nicht zugestimmt haben.<\/p>\n\n\n\n<p id=\"block-7495b0a9-ee36-466b-9ca8-3fb29e9dc527\">Rechte der betroffenen Person<br>Ihnen stehen bei Vorliegen der gesetzlichen Voraussetzungen folgende Rechte nach Art. 15 bis 20 DSGVO zu:<br>Recht auf Auskunft, auf Berichtigung, auf L\u00f6schung, auf Einschr\u00e4nkung der Verarbeitung, auf Daten\u00fcbertragbarkeit.<\/p>\n\n\n\n<p id=\"block-75463b30-5438-4fde-ae47-4d4ab9017558\">Au\u00dferdem steht Ihnen nach Art. 21 (1) DSGVO ein Widerspruchsrecht gegen die Verarbeitungen zu, die auf Art. 6 (1) f DSGVO beruhen, sowie gegen die Verarbeitung zum Zwecke von Direktwerbung.<br>Kontaktieren Sie uns auf Wunsch.<\/p>\n\n\n\n<p id=\"block-699befdf-d6a4-4e05-9c7c-6a9590f8814c\">Beschwerderecht bei der Aufsichtsbeh\u00f6rde<br>Sie haben gem\u00e4\u00df Art. 77 DSGVO das Recht, sich bei der Aufsichtsbeh\u00f6rde zu beschweren, wenn Sie der Ansicht sind, dass die Verarbeitung Ihrer personenbezogenen Daten nicht rechtm\u00e4\u00dfig erfolgt.<\/p>\n\n\n\n<p id=\"block-5470f650-4f72-4176-97f1-9ba1d5296106\">M\u00f6chte eine betroffene Person eines oder mehrere dieser Recht in Anspruch nehmen, kann sie sich hierzu jederzeit an unseren Datenschutzbeauftragten wenden:<\/p>\n\n\n\n<p id=\"block-793aba3f-c31d-423b-8cd5-93a9af198f67\">E-Mail: heinke@datenschutzservice-online.de<\/p>\n","protected":false},"excerpt":{"rendered":"<p>Gro\u00df- u. EinzelhandelBauelemente Nils Hentschel Steuernr. 208\/230\/04843 Rathenaustr. 18a \u00b7 02763 ZittauTelefon (0 35 83) 58 56 77Telefax (0 35 83) 58 56 88Mobil (0174) 9 54 05 37info@fensterhentschel.de DATENSCHUTZERKL\u00c4RUNGHerzlich Willkommen auf unserer Webseite!Wir legen gr\u00f6\u00dften Wert auf den Schutz Ihrer Daten und die Wahrung Ihrer Privatsph\u00e4re. Nachstehend informieren wir Sie deshalb \u00fcber die Erhebung und Verwendung pers\u00f6nlicher Daten bei Nutzung unserer Webseite. Verantwortlicher: Gro\u00df- u. EinzelhandelBauelemente Nils Hentschel Rathenaustr. 18a \u00b7 02763 Zittau Soweit nachstehend keine anderen Angaben gemacht werden, ist die Bereitstellung Ihrer personenbezogenen Daten weder gesetzlich oder vertraglich vorgeschrieben, noch f\u00fcr einen Vertragsabschluss erforderlich. Sie sind zur Bereitstellung der Daten nicht verpflichtet. Eine Nichtbereitstellung hat keine Folgen. Dies gilt nur soweit beiden nachfolgenden Verarbeitungsvorg\u00e4ngen keine anderweitige Angabe gemacht wird. ,,Personenbezogene Daten&#8220; sind alle Informationen, die sich auf eine identifizierte oder identifizierbare nat\u00fcrliche Person beziehen. Server-LogfilesSie k\u00f6nnen unsere Webseiten besuchen, ohne Angaben zu Ihrer Person zu machen. Es werden bei jedem Zugriff auf unsere Website Nutzungsdaten durch Ihren Internetbrowser \u00fcbermittelt und in Protokolldaten (Server-Logfiles) gespeichert. Zu diesen gespeicherten Daten geh\u00f6ren z.B. Name der aufgerufenen Seite, Datum und Uhrzeit des Abrufs, \u00fcbertragene Datenmenge und der anfragende Provider. Diese Daten dienen ausschlie\u00dflich der Gew\u00e4hrleistung eines st\u00f6rungsfreien Betriebs unserer Website und zur Verbesserung unseres Angebotes. Eine Zuordnung dieser Daten zu einer bestimmten Person ist nicht m\u00f6glich. Erhebung und Verarbeitung bei Nutzung des Kontaktformulars Bei der Nutzung des Kontaktformulars erheben wir Ihre personenbezogenen Daten (Name, E-Mail-Adresse, Nachrichtentext) nur in dem von Ihnen zur Verf\u00fcgung gestellten Umfang. Die Datenverarbeitung dient dem Zweck der Kontaktaufnahme. Mit Absenden Ihrer Nachricht willigen Sie in die Verarbeitung der \u00fcbermittelten Daten ein. Die Verarbeitung erfolgt auf Grundlage des Art. 6 (1) lit. a DSGVO mit Ihrer Einwilligung. Sie k\u00f6nnen Ihre Einwilligung jederzeit durch Mitteilung an uns widerrufen, ohne dass die Rechtm\u00e4\u00dfigkeit der aufgrund der Einwilligung bis zum Widerruf erfolgten Verarbeitung ber\u00fchrt wird. Ihre E-Mail-Adresse nutzen wir nur zur Bearbeitung Ihrer Anfrage. Es erfolgt keine Weitergabe dieser personenbezogenen Daten an Dritte, an Drittl\u00e4nder oder an internationale Organisationen. Erhebung, Verarbeitung und Nutzung personenbezogener Daten bei BestellungenBei der Bestellung erheben und verwenden wir Ihre personenbezogenen Daten nur, soweit dies zur Erf\u00fcllung und Abwicklung Ihrer Bestellung sowie zur Bearbeitung Ihrer Anfragen erforderlich ist. Die Bereitstellung der Daten istf\u00fcr den Vertragsschluss erforderlich. Eine Nichtbereitstellung hat zur Folge, dass kein Vertrag geschlossen werden kann. Die Verarbeitung erfolgt auf Grundlage des Art. 6 (1) lit. b DSGVO und ist f\u00fcr die Erf\u00fcllung einesVertrags mit Ihnen erforderlich. Eine Weitergabe Ihrer Daten an Dritte ohne Ihre ausdr\u00fcckliche Einwilligung erfolgt nicht. Ausgenommen hiervon sind lediglich unsere Dienstleistungspartner, die wir zur Abwicklung des Vertragsverh\u00e4ltnisses ben\u00f6tigen oder Dienstleister derer wir uns im Rahmen einer Auftragsverarbeitung bedienen. Neben den in den jeweiligen Klauseln dieser Datenschutzerkl\u00e4rung benannten Empf\u00e4ngern sind diesbeispielsweise Empf\u00e4nger folgender Kategorien: Versanddienstleister, Zahlungsdienstleister, Warenwirtschaftsdienstleister, Diensteanbieter f\u00fcr die Bestellabwicklung, Webhoster und IT-Dienstleister. In allen F\u00e4llen beachten wir strikt die gesetzlichen Vorgaben. Der Umfang der Daten\u00fcbermittlung beschr\u00e4nkt sich auf ein Mindestma\u00df. Eine \u00dcbermittlung personenbezogenen Daten in Drittl\u00e4nder oder internationale Organisationen erfolgt nicht. Dauer der SpeicherungNach vollst\u00e4ndiger Vertragsabwicklung werden die Daten zun\u00e4chst f\u00fcr die Dauer der Gew\u00e4hrleistungsfrist, danach unter Ber\u00fccksichtigung gesetzlicher, insbesondere steuer- und handelsrechtlicher Aufbewahrungsfristen gespeichert und dann nach Fristablauf gel\u00f6scht, sofern Sie der weitergehenden Verarbeitung und Nutzung nicht zugestimmt haben. Rechte der betroffenen PersonIhnen stehen bei Vorliegen der gesetzlichen Voraussetzungen folgende Rechte nach Art. 15 bis 20 DSGVO zu:Recht auf Auskunft, auf Berichtigung, auf L\u00f6schung, auf Einschr\u00e4nkung der Verarbeitung, auf Daten\u00fcbertragbarkeit. Au\u00dferdem steht Ihnen nach Art. 21 (1) DSGVO ein Widerspruchsrecht gegen die Verarbeitungen zu, die auf Art. 6 (1) f DSGVO beruhen, sowie gegen die Verarbeitung zum Zwecke von Direktwerbung.Kontaktieren Sie uns auf Wunsch. Beschwerderecht bei der Aufsichtsbeh\u00f6rdeSie haben gem\u00e4\u00df Art. 77 DSGVO das Recht, sich bei der Aufsichtsbeh\u00f6rde zu beschweren, wenn Sie der Ansicht sind, dass die Verarbeitung Ihrer personenbezogenen Daten nicht rechtm\u00e4\u00dfig erfolgt. M\u00f6chte eine betroffene Person eines oder mehrere dieser Recht in Anspruch nehmen, kann sie sich hierzu jederzeit an unseren Datenschutzbeauftragten wenden: E-Mail: heinke@datenschutzservice-online.de<\/p>\n","protected":false},"author":1,"featured_media":0,"parent":0,"menu_order":0,"comment_status":"closed","ping_status":"closed","template":"","meta":{"footnotes":""},"class_list":["post-11","page","type-page","status-publish","hentry"],"_links":{"self":[{"href":"https:\/\/fensterhentschel.de\/index.php\/wp-json\/wp\/v2\/pages\/11","targetHints":{"allow":["GET"]}}],"collection":[{"href":"https:\/\/fensterhentschel.de\/index.php\/wp-json\/wp\/v2\/pages"}],"about":[{"href":"https:\/\/fensterhentschel.de\/index.php\/wp-json\/wp\/v2\/types\/page"}],"author":[{"embeddable":true,"href":"https:\/\/fensterhentschel.de\/index.php\/wp-json\/wp\/v2\/users\/1"}],"replies":[{"embeddable":true,"href":"https:\/\/fensterhentschel.de\/index.php\/wp-json\/wp\/v2\/comments?post=11"}],"version-history":[{"count":3,"href":"https:\/\/fensterhentschel.de\/index.php\/wp-json\/wp\/v2\/pages\/11\/revisions"}],"predecessor-version":[{"id":27,"href":"https:\/\/fensterhentschel.de\/index.php\/wp-json\/wp\/v2\/pages\/11\/revisions\/27"}],"wp:attachment":[{"href":"https:\/\/fensterhentschel.de\/index.php\/wp-json\/wp\/v2\/media?parent=11"}],"curies":[{"name":"wp","href":"https:\/\/api.w.org\/{rel}","templated":true}]}}